{"id":33,"date":"2026-04-20T12:41:37","date_gmt":"2026-04-20T12:41:37","guid":{"rendered":"https:\/\/lightgray-viper-809412.hostingersite.com\/?page_id=33"},"modified":"2026-04-20T20:19:28","modified_gmt":"2026-04-20T20:19:28","slug":"accueil","status":"publish","type":"page","link":"https:\/\/maroc99.com\/","title":{"rendered":"Accueil"},"content":{"rendered":"\t\t<div data-elementor-type=\"wp-post\" data-elementor-id=\"33\" class=\"elementor elementor-33\">\n\t\t\t\t<div class=\"elementor-element elementor-element-73ebfea e-con-full e-flex e-con e-parent\" data-id=\"73ebfea\" data-element_type=\"container\" data-e-type=\"container\">\n\t\t\t\t\t\t\t<h1 \n\t\tdata-interaction-id=\"39e121b\" \n\t\tclass=\"e-39e121b-9395716 e-heading-base\" \n\t\t \n\t\t\n\t>\n\t\n\t\t\tMaroc 99: Sp\u00e9cialiste en Photocopieuses, Imprimantes, Tonners et Service Apr\u00e8s-Vente\n\t\t<\/h1>\n\t\t\t\t<\/div>\n\t\t<div class=\"elementor-element elementor-element-4e634bd e-flex e-con-boxed e-con e-parent\" data-id=\"4e634bd\" data-element_type=\"container\" data-e-type=\"container\">\n\t\t\t\t\t<div class=\"e-con-inner\">\n\t\t\t\t<div class=\"elementor-element elementor-element-e27a0f3 elementor-widget elementor-widget-shortcode\" data-id=\"e27a0f3\" data-element_type=\"widget\" data-e-type=\"widget\" data-widget_type=\"shortcode.default\">\n\t\t\t\t\t\t\t<div class=\"elementor-shortcode\"><div id=\"metaslider-id-55\" style=\"width: 100%;\" class=\"ml-slider-3-108-0 metaslider metaslider-flex metaslider-55 ml-slider has-dots-onhover-navigation has-carousel-mode has-loading ml-slider-lightbox-2-22-0 metaslider-lightbox-2-22-0 ms-theme-clarity\" role=\"region\" aria-label=\"Nouveau diaporama\" data-height=\"400\" data-width=\"300\">\n    <div id=\"metaslider_container_55\">\n        <div id=\"metaslider_55\">\n            <ul aria-live='off' class='slides'>\n                <li style=\"display: none; width: 100%;\" class=\"slide-61 ms-image \" aria-roledescription=\"slide\" data-date=\"2026-04-20 17:25:19\" data-filename=\"FWEBPQ75-S1920-1-300x400.webp\" data-slide-type=\"image\"><img fetchpriority=\"high\" decoding=\"async\" src=\"https:\/\/maroc99.com\/wp-content\/uploads\/2026\/04\/FWEBPQ75-S1920-1-300x400.webp\" height=\"400\" width=\"300\" alt=\"\" class=\"slider-55 slide-61 msDefaultImage\" title=\"-FWEBP,Q75,-S1920\" \/><\/li>\n                <li style=\"display: none; width: 100%;\" class=\"slide-64 ms-image \" aria-roledescription=\"slide\" data-date=\"2026-04-20 17:25:20\" data-filename=\"wTr0W20ize60Qd5wt2ukyrUP4klDdgf-300x400.webp\" data-slide-type=\"image\"><img decoding=\"async\" src=\"https:\/\/maroc99.com\/wp-content\/uploads\/2026\/04\/wTr0W20ize60Qd5wt2ukyrUP4klDdgf-300x400.webp\" height=\"400\" width=\"300\" alt=\"\" class=\"slider-55 slide-64 msDefaultImage\" title=\"wTr0W20ize60Qd5wt2ukyrUP4klDdgf\" \/><\/li>\n                <li style=\"display: none; width: 100%;\" class=\"slide-62 ms-image \" aria-roledescription=\"slide\" data-date=\"2026-04-20 17:25:19\" data-filename=\"9960FSC4000iSA-rfdhyi5kgvsb38iuf6k2hx7choz8x8mfkwom0kwqjc-300x400.webp\" data-slide-type=\"image\"><img decoding=\"async\" src=\"https:\/\/maroc99.com\/wp-content\/uploads\/2026\/04\/9960FSC4000iSA-rfdhyi5kgvsb38iuf6k2hx7choz8x8mfkwom0kwqjc-300x400.webp\" height=\"400\" width=\"300\" alt=\"\" class=\"slider-55 slide-62 msDefaultImage\" title=\"9960FSC4000iSA-rfdhyi5kgvsb38iuf6k2hx7choz8x8mfkwom0kwqjc\" \/><\/li>\n                <li style=\"display: none; width: 100%;\" class=\"slide-59 ms-image \" aria-roledescription=\"slide\" data-date=\"2026-04-20 17:25:19\" data-filename=\"FWEBPQ75-S1920-300x400.webp\" data-slide-type=\"image\"><a href=\"http:\/\/www.google.com\" target=\"_blank\" aria-label=\"baz\" class=\"metaslider_image_link\"><img loading=\"lazy\" decoding=\"async\" src=\"https:\/\/maroc99.com\/wp-content\/uploads\/2026\/04\/FWEBPQ75-S1920-300x400.webp\" height=\"400\" width=\"300\" alt=\"\" class=\"slider-55 slide-59 msDefaultImage\" title=\"-FWEBP,Q75,-S1920\" \/><\/a><div class=\"caption-wrap\"><div class=\"caption\"><div>hjhhdjjdnchhgfl<\/div><\/div><\/div><\/li>\n                <li style=\"display: none; width: 100%;\" class=\"slide-63 ms-image \" aria-roledescription=\"slide\" data-date=\"2026-04-20 17:25:20\" data-filename=\"copieur-konica-minolta-couleur-a4-bizhub-c3321i-33-ppm-300x400.webp\" data-slide-type=\"image\"><img loading=\"lazy\" decoding=\"async\" src=\"https:\/\/maroc99.com\/wp-content\/uploads\/2026\/04\/copieur-konica-minolta-couleur-a4-bizhub-c3321i-33-ppm-300x400.webp\" height=\"400\" width=\"300\" alt=\"\" class=\"slider-55 slide-63 msDefaultImage\" title=\"copieur-konica-minolta-couleur-a4-bizhub-c3321i-33-ppm\" \/><\/li>\n                <li style=\"display: none; width: 100%;\" class=\"slide-60 ms-image \" aria-roledescription=\"slide\" data-date=\"2026-04-20 17:25:19\" data-filename=\"fdfdg-scaled-300x400.webp\" data-slide-type=\"image\"><img loading=\"lazy\" decoding=\"async\" src=\"https:\/\/maroc99.com\/wp-content\/uploads\/2026\/04\/fdfdg-scaled-300x400.webp\" height=\"400\" width=\"300\" alt=\"ppppp\" class=\"slider-55 slide-60 msDefaultImage\" title=\"fdfdg\" \/><\/li>\n            <\/ul>\n        <div class='ms-slider-loading'><img src='https:\/\/maroc99.com\/wp-admin\/images\/spinner.gif' alt='Chargement\u2026'><\/div>\n        <\/div>\n        \n    <\/div>\n<\/div><\/div>\n\t\t\t\t\t\t<\/div>\n\t\t\t\t\t<\/div>\n\t\t\t\t<\/div>\n\t\t<div class=\"elementor-element elementor-element-ad7ded4 e-flex e-con-boxed e-con e-parent\" data-id=\"ad7ded4\" data-element_type=\"container\" data-e-type=\"container\">\n\t\t\t\t\t<div class=\"e-con-inner\">\n\t\t<div class=\"elementor-element elementor-element-600d11d e-con-full e-flex e-con e-child\" data-id=\"600d11d\" data-element_type=\"container\" data-e-type=\"container\">\n\t\t\t\t\t\t\t\t<p class=\"e-b737c4c-7472f70 e-paragraph-base\" data-interaction-id=\"b737c4c\"  >\n\t\t\t\t\t\t\t\t<strong><em><u>Maroc 99<\/u><\/em><\/strong> est une entreprise sp\u00e9cialis\u00e9e dans la vente et la maintenance de photocopieuses, imprimantes, et toners, avec un large choix de r\u00e9f\u00e9rences neuves et d'occasion. Nous nous engageons \u00e0 offrir \u00e0 nos clients une solution compl\u00e8te pour leurs besoins en mati\u00e8re de gestion documentaire. \n\t\t\t\t\t<\/p>\n\t\t\t\t<\/div>\n\t\t\t\t\t<\/div>\n\t\t\t\t<\/div>\n\t\t<div class=\"elementor-element elementor-element-6bf1e5a e-flex e-con-boxed e-con e-parent\" data-id=\"6bf1e5a\" data-element_type=\"container\" data-e-type=\"container\">\n\t\t\t\t\t<div class=\"e-con-inner\">\n\t\t\t\t\t\t\t<h1 \n\t\tdata-interaction-id=\"fd035a8\" \n\t\tclass=\"e-fd035a8-a01200b e-heading-base\" \n\t\t \n\t\t\n\t>\n\t\n\t\t\tNos Produits :\n\t\t<\/h1>\n\t\t\t\t\t<\/div>\n\t\t\t\t<\/div>\n\t\t<div class=\"elementor-element elementor-element-0e605b3 e-grid e-con-boxed e-con e-parent\" data-id=\"0e605b3\" data-element_type=\"container\" data-e-type=\"container\">\n\t\t\t\t\t<div class=\"e-con-inner\">\n\t\t\t\t<div class=\"elementor-element elementor-element-cb15462 elementor-position-top elementor-widget elementor-widget-image-box\" data-id=\"cb15462\" data-element_type=\"widget\" data-e-type=\"widget\" data-widget_type=\"image-box.default\">\n\t\t\t\t\t<div class=\"elementor-image-box-wrapper\"><figure class=\"elementor-image-box-img\"><img loading=\"lazy\" decoding=\"async\" width=\"568\" height=\"380\" src=\"https:\/\/maroc99.com\/wp-content\/uploads\/2026\/04\/31a9ed_80c2f938894f47bd93898026bcb4cc6dmv2.avif\" class=\"attachment-full size-full wp-image-90\" alt=\"\" srcset=\"https:\/\/maroc99.com\/wp-content\/uploads\/2026\/04\/31a9ed_80c2f938894f47bd93898026bcb4cc6dmv2.avif 568w, https:\/\/maroc99.com\/wp-content\/uploads\/2026\/04\/31a9ed_80c2f938894f47bd93898026bcb4cc6dmv2-300x201.avif 300w\" sizes=\"(max-width: 568px) 100vw, 568px\" \/><\/figure><div class=\"elementor-image-box-content\"><h3 class=\"elementor-image-box-title\">1. Photocopieuses et Imprimantes<\/h3><p class=\"elementor-image-box-description\">Chez Maroc 99, nous proposons une large gamme de photocopieuses et imprimantes adapt\u00e9es \u00e0 tous les types de besoins professionnels et domestiques. Que vous recherchiez des mod\u00e8les neufs ou des \u00e9quipements d'occasion, nous avons ce qu'il vous faut ! Nous proposons des marques reconnues sur le march\u00e9, garantissant fiabilit\u00e9, performance, et durabilit\u00e9.<\/p><\/div><\/div>\t\t\t\t<\/div>\n\t\t\t\t<div class=\"elementor-element elementor-element-8cf47f1 elementor-position-top elementor-widget elementor-widget-image-box\" data-id=\"8cf47f1\" data-element_type=\"widget\" data-e-type=\"widget\" data-widget_type=\"image-box.default\">\n\t\t\t\t\t<div class=\"elementor-image-box-wrapper\"><figure class=\"elementor-image-box-img\"><img loading=\"lazy\" decoding=\"async\" width=\"640\" height=\"480\" src=\"https:\/\/maroc99.com\/wp-content\/uploads\/2026\/04\/toner-et-consommables-pour-imprimantes-d-etiquettes-dtm-016395664-product_zoom.jpg\" class=\"attachment-full size-full wp-image-91\" alt=\"\" srcset=\"https:\/\/maroc99.com\/wp-content\/uploads\/2026\/04\/toner-et-consommables-pour-imprimantes-d-etiquettes-dtm-016395664-product_zoom.jpg 640w, https:\/\/maroc99.com\/wp-content\/uploads\/2026\/04\/toner-et-consommables-pour-imprimantes-d-etiquettes-dtm-016395664-product_zoom-300x225.jpg 300w, https:\/\/maroc99.com\/wp-content\/uploads\/2026\/04\/toner-et-consommables-pour-imprimantes-d-etiquettes-dtm-016395664-product_zoom-600x450.jpg 600w\" sizes=\"(max-width: 640px) 100vw, 640px\" \/><\/figure><div class=\"elementor-image-box-content\"><h3 class=\"elementor-image-box-title\">Toners et Consommables<\/h3><p class=\"elementor-image-box-description\">En plus des photocopieuses et imprimantes, Maroc 99 vend \u00e9galement des toners et des consommables pour tous types de mod\u00e8les. Nous avons un stock vari\u00e9 de toners originaux et compatibles, disponibles pour les plus grandes marques. Nos produits sont sp\u00e9cialement s\u00e9lectionn\u00e9s pour garantir une qualit\u00e9 d'impression irr\u00e9prochable et une longue dur\u00e9e de vie \u00e0 vos appareils.<\/p><\/div><\/div>\t\t\t\t<\/div>\n\t\t\t\t<div class=\"elementor-element elementor-element-ec05d4f elementor-position-top elementor-widget elementor-widget-image-box\" data-id=\"ec05d4f\" data-element_type=\"widget\" data-e-type=\"widget\" data-widget_type=\"image-box.default\">\n\t\t\t\t\t<div class=\"elementor-image-box-wrapper\"><figure class=\"elementor-image-box-img\"><img loading=\"lazy\" decoding=\"async\" width=\"330\" height=\"223\" src=\"https:\/\/maroc99.com\/wp-content\/uploads\/2026\/04\/Capture-decran-2023-03-24-a-15.05.05.png.webp\" class=\"attachment-full size-full wp-image-92\" alt=\"\" srcset=\"https:\/\/maroc99.com\/wp-content\/uploads\/2026\/04\/Capture-decran-2023-03-24-a-15.05.05.png.webp 330w, https:\/\/maroc99.com\/wp-content\/uploads\/2026\/04\/Capture-decran-2023-03-24-a-15.05.05.png-300x203.webp 300w\" sizes=\"(max-width: 330px) 100vw, 330px\" \/><\/figure><div class=\"elementor-image-box-content\"><h3 class=\"elementor-image-box-title\">Services de Maintenance<\/h3><p class=\"elementor-image-box-description\">Maroc 99 ne se contente pas de vendre des \u00e9quipements de qualit\u00e9, nous offrons \u00e9galement un service apr\u00e8s-vente et des services de maintenance sp\u00e9cialis\u00e9s pour garantir le bon fonctionnement de vos machines au quotidien. Nos techniciens qualifi\u00e9s interviennent rapidement pour r\u00e9parer ou entretenir vos appareils<\/p><\/div><\/div>\t\t\t\t<\/div>\n\t\t\t\t\t<\/div>\n\t\t\t\t<\/div>\n\t\t<div class=\"elementor-element elementor-element-3a0ea82 e-flex e-con-boxed e-con e-parent\" data-id=\"3a0ea82\" data-element_type=\"container\" data-e-type=\"container\">\n\t\t\t\t\t<div class=\"e-con-inner\">\n\t\t\t\t\t\t\t<h2 \n\t\tdata-interaction-id=\"57dbcd3\" \n\t\tclass=\"e-57dbcd3-cfa3ab3 e-heading-base\" \n\t\t \n\t\t\n\t>\n\t\n\t\t\tPourquoi Choisir Maroc 99 ?\n\t\t<\/h2>\n\t\t\t\t\t<\/div>\n\t\t\t\t<\/div>\n\t\t<div class=\"elementor-element elementor-element-1a0fe12 e-flex e-con-boxed e-con e-parent\" data-id=\"1a0fe12\" data-element_type=\"container\" data-e-type=\"container\">\n\t\t\t\t\t<div class=\"e-con-inner\">\n\t\t\t\t\t\t\t<h2 \n\t\tdata-interaction-id=\"bd6522e\" \n\t\tclass=\"e-bd6522e-0a9b1b2 e-heading-base\" \n\t\t \n\t\t\n\t>\n\t\n\t\t\t1- <strong>Large choix de produits<\/strong> :\n\t\t<\/h2>\n\t\t\t\t\t\t\t<h2 \n\t\tdata-interaction-id=\"f12eae1\" \n\t\tclass=\"e-f12eae1-485792f e-heading-base\" \n\t\t \n\t\t\n\t>\n\t\n\t\t\t   _ Nous proposons des \u00e9quipements neufs et d\u2019occasion de toutes les marques populaires.\n\t\t<\/h2>\n\t\t\t\t\t<\/div>\n\t\t\t\t<\/div>\n\t\t<div class=\"elementor-element elementor-element-2953194 e-flex e-con-boxed e-con e-parent\" data-id=\"2953194\" data-element_type=\"container\" data-e-type=\"container\">\n\t\t\t\t\t<div class=\"e-con-inner\">\n\t\t\t\t\t\t\t<h2 \n\t\tdata-interaction-id=\"fe9625c\" \n\t\tclass=\"e-fe9625c-e40b184 e-heading-base\" \n\t\t \n\t\t\n\t>\n\t\n\t\t\t<strong>2- Qualit\u00e9 et fiabilit\u00e9<\/strong> :\n\t\t<\/h2>\n\t\t\t\t\t<\/div>\n\t\t\t\t<\/div>\n\t\t<div class=\"elementor-element elementor-element-623a4dd e-flex e-con-boxed e-con e-parent\" data-id=\"623a4dd\" data-element_type=\"container\" data-e-type=\"container\">\n\t\t\t\t\t<div class=\"e-con-inner\">\n\t\t\t\t\t\t\t<h2 \n\t\tdata-interaction-id=\"f83b268\" \n\t\tclass=\"e-f83b268-671bd04 e-heading-base\" \n\t\t \n\t\t\n\t>\n\t\n\t\t\t_ Tous nos produits sont soigneusement s\u00e9lectionn\u00e9s pour garantir une performance optimale.\n\t\t<\/h2>\n\t\t\t\t\t<\/div>\n\t\t\t\t<\/div>\n\t\t<div class=\"elementor-element elementor-element-e145aa9 e-flex e-con-boxed e-con e-parent\" data-id=\"e145aa9\" data-element_type=\"container\" data-e-type=\"container\">\n\t\t\t\t\t<div class=\"e-con-inner\">\n\t\t\t\t\t\t\t<h2 \n\t\tdata-interaction-id=\"220e3f9\" \n\t\tclass=\"e-220e3f9-5d0c354 e-heading-base\" \n\t\t \n\t\t\n\t>\n\t\n\t\t\t3- <strong>Service apr\u00e8s-vente r\u00e9actif<\/strong> :\n\t\t<\/h2>\n\t\t\t\t\t<\/div>\n\t\t\t\t<\/div>\n\t\t<div class=\"elementor-element elementor-element-09c070c e-flex e-con-boxed e-con e-parent\" data-id=\"09c070c\" data-element_type=\"container\" data-e-type=\"container\">\n\t\t\t\t\t<div class=\"e-con-inner\">\n\t\t\t\t\t\t\t<h2 \n\t\tdata-interaction-id=\"3710911\" \n\t\tclass=\"e-3710911-b510962 e-heading-base\" \n\t\t \n\t\t\n\t>\n\t\n\t\t\t_ Une \u00e9quipe d\u2019experts pr\u00eate \u00e0 intervenir rapidement en cas de besoin.\n\t\t<\/h2>\n\t\t\t\t\t<\/div>\n\t\t\t\t<\/div>\n\t\t<div class=\"elementor-element elementor-element-b687c5c e-flex e-con-boxed e-con e-parent\" data-id=\"b687c5c\" data-element_type=\"container\" data-e-type=\"container\">\n\t\t\t\t\t<div class=\"e-con-inner\">\n\t\t\t\t\t\t\t<h2 \n\t\tdata-interaction-id=\"493fff5\" \n\t\tclass=\"e-493fff5-6af024f e-heading-base\" \n\t\t \n\t\t\n\t>\n\t\n\t\t\t4- <strong>R\u00e9parations et maintenance<\/strong> :\n\t\t<\/h2>\n\t\t\t\t\t<\/div>\n\t\t\t\t<\/div>\n\t\t<div class=\"elementor-element elementor-element-a39e10c e-flex e-con-boxed e-con e-parent\" data-id=\"a39e10c\" data-element_type=\"container\" data-e-type=\"container\">\n\t\t\t\t\t<div class=\"e-con-inner\">\n\t\t\t\t\t\t\t<h2 \n\t\tdata-interaction-id=\"a347b7c\" \n\t\tclass=\"e-heading-base\" \n\t\t \n\t\t\n\t>\n\t\n\t\t\t_ Nous offrons un service de maintenance pour assurer la long\u00e9vit\u00e9 de vos \u00e9quipements.\n\t\t<\/h2>\n\t\t\t\t\t<\/div>\n\t\t\t\t<\/div>\n\t\t\t\t<\/div>\n\t\t","protected":false},"excerpt":{"rendered":"<p>Maroc 99: Sp\u00e9cialiste en Photocopieuses, Imprimantes, Tonners et Service Apr\u00e8s-Vente Maroc 99 est une entreprise sp\u00e9cialis\u00e9e dans la vente et la maintenance de photocopieuses, imprimantes, et toners, avec un large choix de r\u00e9f\u00e9rences neuves et d&rsquo;occasion. Nous nous engageons \u00e0 offrir \u00e0 nos clients une solution compl\u00e8te pour leurs besoins en mati\u00e8re de gestion documentaire. [&hellip;]<\/p>\n","protected":false},"author":1,"featured_media":0,"parent":0,"menu_order":0,"comment_status":"closed","ping_status":"closed","template":"elementor_header_footer","meta":{"ocean_post_layout":"","ocean_both_sidebars_style":"","ocean_both_sidebars_content_width":0,"ocean_both_sidebars_sidebars_width":0,"ocean_sidebar":"","ocean_second_sidebar":"","ocean_disable_margins":"enable","ocean_add_body_class":"","ocean_shortcode_before_top_bar":"","ocean_shortcode_after_top_bar":"","ocean_shortcode_before_header":"","ocean_shortcode_after_header":"","ocean_has_shortcode":"","ocean_shortcode_after_title":"","ocean_shortcode_before_footer_widgets":"","ocean_shortcode_after_footer_widgets":"","ocean_shortcode_before_footer_bottom":"","ocean_shortcode_after_footer_bottom":"","ocean_display_top_bar":"default","ocean_display_header":"default","ocean_header_style":"","ocean_center_header_left_menu":"","ocean_custom_header_template":"","ocean_custom_logo":0,"ocean_custom_retina_logo":0,"ocean_custom_logo_max_width":0,"ocean_custom_logo_tablet_max_width":0,"ocean_custom_logo_mobile_max_width":0,"ocean_custom_logo_max_height":0,"ocean_custom_logo_tablet_max_height":0,"ocean_custom_logo_mobile_max_height":0,"ocean_header_custom_menu":"","ocean_menu_typo_font_family":"","ocean_menu_typo_font_subset":"","ocean_menu_typo_font_size":0,"ocean_menu_typo_font_size_tablet":0,"ocean_menu_typo_font_size_mobile":0,"ocean_menu_typo_font_size_unit":"px","ocean_menu_typo_font_weight":"","ocean_menu_typo_font_weight_tablet":"","ocean_menu_typo_font_weight_mobile":"","ocean_menu_typo_transform":"","ocean_menu_typo_transform_tablet":"","ocean_menu_typo_transform_mobile":"","ocean_menu_typo_line_height":0,"ocean_menu_typo_line_height_tablet":0,"ocean_menu_typo_line_height_mobile":0,"ocean_menu_typo_line_height_unit":"","ocean_menu_typo_spacing":0,"ocean_menu_typo_spacing_tablet":0,"ocean_menu_typo_spacing_mobile":0,"ocean_menu_typo_spacing_unit":"","ocean_menu_link_color":"","ocean_menu_link_color_hover":"","ocean_menu_link_color_active":"","ocean_menu_link_background":"","ocean_menu_link_hover_background":"","ocean_menu_link_active_background":"","ocean_menu_social_links_bg":"","ocean_menu_social_hover_links_bg":"","ocean_menu_social_links_color":"","ocean_menu_social_hover_links_color":"","ocean_disable_title":"default","ocean_disable_heading":"default","ocean_post_title":"","ocean_post_subheading":"","ocean_post_title_style":"","ocean_post_title_background_color":"","ocean_post_title_background":0,"ocean_post_title_bg_image_position":"","ocean_post_title_bg_image_attachment":"","ocean_post_title_bg_image_repeat":"","ocean_post_title_bg_image_size":"","ocean_post_title_height":0,"ocean_post_title_bg_overlay":0.5,"ocean_post_title_bg_overlay_color":"","ocean_disable_breadcrumbs":"default","ocean_breadcrumbs_color":"","ocean_breadcrumbs_separator_color":"","ocean_breadcrumbs_links_color":"","ocean_breadcrumbs_links_hover_color":"","ocean_display_footer_widgets":"default","ocean_display_footer_bottom":"default","ocean_custom_footer_template":"","footnotes":""},"class_list":["post-33","page","type-page","status-publish","hentry","entry","owp-thumbs-layout-vertical","owp-btn-big","owp-tabs-layout-vertical","has-no-thumbnails","has-product-nav"],"_hostinger_reach_plugin_has_subscription_block":false,"_hostinger_reach_plugin_is_elementor":false,"_links":{"self":[{"href":"https:\/\/maroc99.com\/index.php?rest_route=\/wp\/v2\/pages\/33","targetHints":{"allow":["GET"]}}],"collection":[{"href":"https:\/\/maroc99.com\/index.php?rest_route=\/wp\/v2\/pages"}],"about":[{"href":"https:\/\/maroc99.com\/index.php?rest_route=\/wp\/v2\/types\/page"}],"author":[{"embeddable":true,"href":"https:\/\/maroc99.com\/index.php?rest_route=\/wp\/v2\/users\/1"}],"replies":[{"embeddable":true,"href":"https:\/\/maroc99.com\/index.php?rest_route=%2Fwp%2Fv2%2Fcomments&post=33"}],"version-history":[{"count":58,"href":"https:\/\/maroc99.com\/index.php?rest_route=\/wp\/v2\/pages\/33\/revisions"}],"predecessor-version":[{"id":139,"href":"https:\/\/maroc99.com\/index.php?rest_route=\/wp\/v2\/pages\/33\/revisions\/139"}],"wp:attachment":[{"href":"https:\/\/maroc99.com\/index.php?rest_route=%2Fwp%2Fv2%2Fmedia&parent=33"}],"curies":[{"name":"wp","href":"https:\/\/api.w.org\/{rel}","templated":true}]}}